{"id":78301,"date":"2021-08-17T08:15:25","date_gmt":"2021-08-17T05:15:25","guid":{"rendered":"https:\/\/www.vooremaa.ee\/?post_type=product&#038;p=78301"},"modified":"2026-01-20T00:22:27","modified_gmt":"2026-01-19T22:22:27","slug":"vooremaa-paberleht","status":"publish","type":"product","link":"https:\/\/www.vooremaa.ee\/en\/ads\/vooremaa-paberleht\/","title":{"rendered":"Vooremaa paberleht"},"content":{"rendered":"","protected":false},"excerpt":{"rendered":"<p><strong>Paberlehe tellimus aktiveeritakse 3 t\u00f6\u00f6p\u00e4eva jooksul.<\/strong><\/p>\n","protected":false},"featured_media":0,"template":"","meta":{"_acf_changed":false,"_gspb_post_css":"","pmpro_default_level":""},"product_brand":[],"product_cat":[88],"product_tag":[],"class_list":{"0":"post-78301","1":"product","2":"type-product","3":"status-publish","5":"product_cat-maaramata","6":"pmpro-has-access","8":"first","9":"instock","10":"taxable","11":"shipping-taxable","12":"purchasable","13":"product-type-simple"},"acf":[],"publishpress_future_workflow_manual_trigger":{"enabledWorkflows":[]},"_links":{"self":[{"href":"https:\/\/www.vooremaa.ee\/en\/wp-json\/wp\/v2\/product\/78301","targetHints":{"allow":["GET"]}}],"collection":[{"href":"https:\/\/www.vooremaa.ee\/en\/wp-json\/wp\/v2\/product"}],"about":[{"href":"https:\/\/www.vooremaa.ee\/en\/wp-json\/wp\/v2\/types\/product"}],"wp:attachment":[{"href":"https:\/\/www.vooremaa.ee\/en\/wp-json\/wp\/v2\/media?parent=78301"}],"wp:term":[{"taxonomy":"product_brand","embeddable":true,"href":"https:\/\/www.vooremaa.ee\/en\/wp-json\/wp\/v2\/product_brand?post=78301"},{"taxonomy":"product_cat","embeddable":true,"href":"https:\/\/www.vooremaa.ee\/en\/wp-json\/wp\/v2\/product_cat?post=78301"},{"taxonomy":"product_tag","embeddable":true,"href":"https:\/\/www.vooremaa.ee\/en\/wp-json\/wp\/v2\/product_tag?post=78301"}],"curies":[{"name":"wp","href":"https:\/\/api.w.org\/{rel}","templated":true}]}}